{"id":8,"date":"2010-10-27T18:02:27","date_gmt":"2010-10-27T16:02:27","guid":{"rendered":"http:\/\/www.35mm.hr\/?page_id=8"},"modified":"2016-04-24T19:01:24","modified_gmt":"2016-04-24T17:01:24","slug":"o-nama","status":"publish","type":"page","link":"https:\/\/www.35mm.hr\/?page_id=8","title":{"rendered":"O nama"},"content":{"rendered":"<p>Predsjednica: dr. sc. Ana Sovi\u0107 Kr\u017ei\u0107<\/p>\n<p>Tajnica: dr. sc. Maja Mihelja \u017daja<\/p>\n<p>Izvr\u0161ni odbor: Boris Kr\u017ei\u0107, Ante \u017daja, Sa\u0161a Pavlek<\/p>\n<p>Nadzorni odbor:Josip Kolakovi\u0107, Marina Domitrovi\u0107, Pavle Lon\u010dar<\/p>\n<p>Sud \u010dasti:\u00a0Goran Pugar, Tin Pugar i Dario Nik\u0161i\u0107<\/p>\n<p>&nbsp;<\/p>\n<p>Adresa: Trg Svetog Kri\u017ea 5, 10314 Kri\u017e<\/p>\n<p>OIB:\u00a029481078493<\/p>\n<p>\u017dIRO ra\u010dun:\u00a0HR7523400091110198217<\/p>\n<p>&nbsp;<\/p>\n<p>Dokumenti:<\/p>\n<p><a href=\"http:\/\/www.35mm.hr\/wp-content\/uploads\/2010\/10\/FVK_Statut_web_sken.pdf\">Statut<\/a><\/p>\n<p><a href=\"http:\/\/www.35mm.hr\/wp-content\/uploads\/2010\/10\/IO_D-002_Izvjesce_o_radu-FVK_2015.pdf\">Izvje\u0161taj o radu 2015.<\/a><\/p>\n<p><a href=\"http:\/\/www.35mm.hr\/wp-content\/uploads\/2010\/10\/IO_D-001_Financijsko_izvjesce-FVK_2015.pdf\">Financijski izvje\u0161taj 2015.<\/a><\/p>\n<p><a href=\"http:\/\/www.35mm.hr\/wp-content\/uploads\/2010\/10\/FVK35mm_zapisnik2016.pdf\">Zapisnik skup\u0161tine 2016.<\/a><\/p>\n","protected":false},"excerpt":{"rendered":"<p>Predsjednica: dr. sc. Ana Sovi\u0107 Kr\u017ei\u0107 Tajnica: dr. sc. Maja Mihelja \u017daja Izvr\u0161ni odbor: Boris Kr\u017ei\u0107, Ante \u017daja, Sa\u0161a Pavlek Nadzorni odbor:Josip Kolakovi\u0107, Marina Domitrovi\u0107, Pavle Lon\u010dar Sud \u010dasti:\u00a0Goran Pugar, Tin Pugar i Dario Nik\u0161i\u0107 &nbsp; Adresa: Trg Svetog Kri\u017ea 5, 10314 Kri\u017e OIB:\u00a029481078493 \u017dIRO ra\u010dun:\u00a0HR7523400091110198217 &nbsp; Dokumenti: Statut Izvje\u0161taj o radu 2015. Financijski izvje\u0161taj [&hellip;]<\/p>\n","protected":false},"author":1,"featured_media":0,"parent":0,"menu_order":0,"comment_status":"closed","ping_status":"closed","template":"","meta":{"_crdt_document":"","footnotes":""},"class_list":["post-8","page","type-page","status-publish","hentry"],"_links":{"self":[{"href":"https:\/\/www.35mm.hr\/index.php?rest_route=\/wp\/v2\/pages\/8","targetHints":{"allow":["GET"]}}],"collection":[{"href":"https:\/\/www.35mm.hr\/index.php?rest_route=\/wp\/v2\/pages"}],"about":[{"href":"https:\/\/www.35mm.hr\/index.php?rest_route=\/wp\/v2\/types\/page"}],"author":[{"embeddable":true,"href":"https:\/\/www.35mm.hr\/index.php?rest_route=\/wp\/v2\/users\/1"}],"replies":[{"embeddable":true,"href":"https:\/\/www.35mm.hr\/index.php?rest_route=%2Fwp%2Fv2%2Fcomments&post=8"}],"version-history":[{"count":4,"href":"https:\/\/www.35mm.hr\/index.php?rest_route=\/wp\/v2\/pages\/8\/revisions"}],"predecessor-version":[{"id":457,"href":"https:\/\/www.35mm.hr\/index.php?rest_route=\/wp\/v2\/pages\/8\/revisions\/457"}],"wp:attachment":[{"href":"https:\/\/www.35mm.hr\/index.php?rest_route=%2Fwp%2Fv2%2Fmedia&parent=8"}],"curies":[{"name":"wp","href":"https:\/\/api.w.org\/{rel}","templated":true}]}}